{"id":6,"date":"2016-05-03T18:48:07","date_gmt":"2016-05-03T17:48:07","guid":{"rendered":"https:\/\/www.demenagements-lang.com\/?page_id=6"},"modified":"2022-04-21T13:55:45","modified_gmt":"2022-04-21T12:55:45","slug":"demenagements-lang-demenageur","status":"publish","type":"page","link":"https:\/\/www.demenagements-lang.com\/","title":{"rendered":"Demenagements Lang : d\u00e9m\u00e9nageur"},"content":{"rendered":"<p>Afin de pouvoir effectuer un d\u00e9m\u00e9nagement en bonne et due forme, il est n\u00e9cessaire de r\u00e9aliser un devis de d\u00e9m\u00e9nagement, une t\u00e2che qui est offerte gratuitement par certains d\u00e9m\u00e9nageurs.<\/p>\n<p>La r\u00e9alisation d\u2019un <a href=\"https:\/\/demenageur.com\/devis-demenagement\/\">d\u00e9m\u00e9nagement<\/a> requiert plusieurs pr\u00e9parations qui ne sont pas \u00e0 n\u00e9gliger. Les gens d\u00e9m\u00e9nagent pour multiple raison, certain par choix, d\u2019autre par obligation, mais ceux qui d\u00e9m\u00e9nagent par obligation sont les plus fr\u00e9quents. Les personnes qui choisissent de d\u00e9m\u00e9nager sont des personnes qui ont besoin de changer. Que ce soit pour l\u2019accroissement de la famille ou pour l\u2019envie de changer d\u2019environnement de vie, ces gens sont \u00e0 la recherche d\u2019un nouveau domicile qui est adapt\u00e9 \u00e0 leur besoin. Trouver une maison qui pourrait contenir toute la famille enti\u00e8re est leur seul but. Ceux qui se trouvent dans l\u2019obligation de d\u00e9m\u00e9nager sont souvent les personnes qui subissent une expatriation, des renvois ou des expulsions. Qu\u2019il s\u2019agisse du travail ou des affaires familiales, l\u2019expatriation a toujours \u00e9t\u00e9 la cause majeure d\u2019un d\u00e9m\u00e9nagement. Les gens se trouvent dans le contraint de changer de foyer pour pouvoir continuer une activit\u00e9 ou d\u2019en cr\u00e9er une. Les personnes qui n\u2019arrivent pas \u00e0 payer leurs loyers sont bien oblig\u00e9es de trouver un habitat qui est adapt\u00e9 \u00e0 leur moyen. Les chocs familiaux aussi peuvent \u00eatre cause de d\u00e9m\u00e9nagement. \u00c0 cause d\u2019une petite diff\u00e9rence, les membres d\u2019une famille ne se mettent plus d\u2019accord alors, une partie va d\u00e9m\u00e9nager afin de s\u2019\u00e9loigner de l\u2019autre. Quoi qu\u2019il en soit, il est tr\u00e8s important de bien organiser son d\u00e9m\u00e9nagement afin d\u2019\u00eatre parfaitement install\u00e9 dans la nouvelle maison.<\/p>\n<p><img loading=\"lazy\" decoding=\"async\" class=\"wp-image-12 aligncenter\" src=\"https:\/\/www.demenagements-lang.com\/wp-content\/uploads\/2016\/05\/Demenagements-LAng-300x200.png\" alt=\"Demenagements LAng\" width=\"435\" height=\"290\" srcset=\"https:\/\/www.demenagements-lang.com\/wp-content\/uploads\/2016\/05\/Demenagements-LAng-300x200.png 300w, https:\/\/www.demenagements-lang.com\/wp-content\/uploads\/2016\/05\/Demenagements-LAng.png 419w\" sizes=\"auto, (max-width: 435px) 100vw, 435px\" \/><\/p>\n<h2>Les diff\u00e9rents types de d\u00e9m\u00e9nagement<\/h2>\n<p>En g\u00e9n\u00e9ral, il existe deux types de d\u00e9m\u00e9nagement, soit c\u2019est la personne elle-m\u00eame qui r\u00e9alise toutes les t\u00e2ches, soit elle fait appel \u00e0 un d\u00e9m\u00e9nageur professionnel. Dans la premi\u00e8re \u00e9ventualit\u00e9, c\u2019est la personne qui veut effectuer le d\u00e9m\u00e9nagement qui r\u00e9alise tous les travaux de d\u00e9m\u00e9nagement. Il s\u2019occupe du d\u00e9tachage, de l\u2019emballage des biens dans des cartons de d\u00e9m\u00e9nagement\u00a0, de l\u2019\u00e9vacuation de ces derniers dans le v\u00e9hicule et du d\u00e9ballage de toutes les affaires une fois que le d\u00e9placement est fini. Dans toutes ces ex\u00e9cutions, la personne doit toujours faire attention \u00e0 toutes ses affaires. Ex\u00e9cuter le d\u00e9m\u00e9nagement dans cette voix est un grand chalenge, cela peut \u00eatre un \u00e9chec total. Par contre si la personne fait appel aux services d\u2019un d\u00e9m\u00e9nageur tout sera diff\u00e9rent. Premi\u00e8rement, les d\u00e9m\u00e9nageurs type \u00a0font avant tout un devis de d\u00e9m\u00e9nagement pour pouvoir pr\u00e9voir toute les risques qui s\u2019opposent au d\u00e9m\u00e9nagement. Ensuite, ils proc\u00e8dent \u00e0 toutes les taches avec adresse et attention. Ces taches comprennent l\u2019emballage, la mise en cartons des biens est une action qui requi\u00e8re une bonne manipulation et les d\u00e9m\u00e9nageurs sont tout \u00e0 fait capables de le r\u00e9aliser \u00e0 la perfection. Dans le transport des cartons de d\u00e9m\u00e9nagement, ces m\u00eames personnes s\u2019assureront que tous vos arriveront sur place sans aucun d\u00e9g\u00e2t.<\/p>\n<h2>Quelques astuces pour effectuer un d\u00e9m\u00e9nagement dans les normes<\/h2>\n<p>Bien que la r\u00e9alisation d\u2019un d\u00e9m\u00e9nagement soit bien difficile, il est important que celui-ci si soit bien organis\u00e9. Pour l\u2019effectuer en bonne et due forme, il faut bien revoir la date du d\u00e9m\u00e9nagement. Il ne faut pas que celui-ci ne tombe pas les jours de f\u00eate comme la f\u00eate nationale ou les fins des vacances. Dans l\u2019\u00e9ventualit\u00e9 o\u00f9 celui-ci va \u00eatre effectu\u00e9 par la personne en personne, il faut que celle-ci fasse attention \u00e0 ce que ses biens ne soient pas ab\u00eem\u00e9s. Dans ce m\u00eame cas, si elle veut s\u2019occuper du transport, il est pr\u00e9f\u00e9rable qu\u2019elle poss\u00e8de les permis requis pour le transport afin d\u2019\u00e9viter toute forme de confusion avec les forces de l\u2019ordre. Sur la route, il doit toujours \u00eatre vigilant, car un seul faux pas, la voiture sera dans un dilemme qu\u2019il n\u2019imaginerait pas. Dans l\u2019autre \u00e9ventualit\u00e9 (la personne a fait appel \u00e0 un d\u00e9m\u00e9nageur), les clients doivent se rendre chez diff\u00e9rentes agences pour faire une petite comparaison afin de savoir quelle offre est le plus adapt\u00e9e \u00e0 la situation qui se pr\u00e9sente. Apr\u00e8s ce petit bilan, les clients doivent aussi essayer d\u2019expliquer aux d\u00e9m\u00e9nageurs toutes les caract\u00e9ristiques de la maison qu\u2019ils vont quitter. Ceci fait c\u2019est pour que ces d\u00e9m\u00e9nageurs puissent envisager toutes les mesures \u00e0 prendre lors du d\u00e9m\u00e9nagement. Ils doivent \u00eatre inform\u00e9s de tous les obstacles qui se trouvent sur le chemin de l\u2019\u00e9vacuation des cartons de d\u00e9m\u00e9nagement comme les escaliers, les ascenseurs ou m\u00eame les pots de fleurs qui pourrait se poser. Bien \u00e9videmment, il ne faut jamais oublier de faire le bilan de tous les articles \u00e0 d\u00e9m\u00e9nager, cela \u00e9viterait toute confusion avec le d\u00e9m\u00e9nageur.<\/p>\n<p class=\"p1\">Ce site n&#8217;est pas propri\u00e9t\u00e9 de Demenagements Lang<\/p>\n","protected":false},"excerpt":{"rendered":"<p>Afin de pouvoir effectuer un d\u00e9m\u00e9nagement en bonne et due forme, il est n\u00e9cessaire de r\u00e9aliser un devis de d\u00e9m\u00e9nagement, une t\u00e2che qui est offerte gratuitement par certains d\u00e9m\u00e9nageurs. La r\u00e9alisation d\u2019un d\u00e9m\u00e9nagement requiert plusieurs pr\u00e9parations qui ne sont pas \u00e0 n\u00e9gliger. Les gens d\u00e9m\u00e9nagent pour multiple raison, certain par choix, d\u2019autre par obligation, mais [&hellip;]<\/p>\n","protected":false},"author":1,"featured_media":0,"parent":0,"menu_order":0,"comment_status":"closed","ping_status":"closed","template":"","meta":{"_seopress_robots_primary_cat":"","_seopress_titles_title":"","_seopress_titles_desc":"","_seopress_robots_index":"","footnotes":""},"class_list":["post-6","page","type-page","status-publish","hentry"],"_links":{"self":[{"href":"https:\/\/www.demenagements-lang.com\/index.php\/wp-json\/wp\/v2\/pages\/6","targetHints":{"allow":["GET"]}}],"collection":[{"href":"https:\/\/www.demenagements-lang.com\/index.php\/wp-json\/wp\/v2\/pages"}],"about":[{"href":"https:\/\/www.demenagements-lang.com\/index.php\/wp-json\/wp\/v2\/types\/page"}],"author":[{"embeddable":true,"href":"https:\/\/www.demenagements-lang.com\/index.php\/wp-json\/wp\/v2\/users\/1"}],"replies":[{"embeddable":true,"href":"https:\/\/www.demenagements-lang.com\/index.php\/wp-json\/wp\/v2\/comments?post=6"}],"version-history":[{"count":7,"href":"https:\/\/www.demenagements-lang.com\/index.php\/wp-json\/wp\/v2\/pages\/6\/revisions"}],"predecessor-version":[{"id":19,"href":"https:\/\/www.demenagements-lang.com\/index.php\/wp-json\/wp\/v2\/pages\/6\/revisions\/19"}],"wp:attachment":[{"href":"https:\/\/www.demenagements-lang.com\/index.php\/wp-json\/wp\/v2\/media?parent=6"}],"curies":[{"name":"wp","href":"https:\/\/api.w.org\/{rel}","templated":true}]}}